{"id":993,"date":"2020-11-28T04:41:53","date_gmt":"2020-11-28T04:41:53","guid":{"rendered":"http:\/\/wp.dynamiclayers.net\/industrus\/about-us-copy\/"},"modified":"2023-05-17T19:07:20","modified_gmt":"2023-05-17T19:07:20","slug":"servicios","status":"publish","type":"page","link":"https:\/\/www.lastreindustrial.com.do\/?page_id=993","title":{"rendered":"Servicios"},"content":{"rendered":"\t\t<div data-elementor-type=\"wp-page\" data-elementor-id=\"993\" class=\"elementor elementor-993\">\n\t\t\t\t\t\t<section class=\"elementor-section elementor-top-section elementor-element elementor-element-d23baa6 elementor-section-boxed elementor-section-height-default elementor-section-height-default\" data-id=\"d23baa6\" data-element_type=\"section\" data-settings=\"{&quot;background_background&quot;:&quot;gradient&quot;}\">\n\t\t\t\t\t\t\t<div class=\"elementor-background-overlay\"><\/div>\n\t\t\t\t\t\t\t<div class=\"elementor-container elementor-column-gap-default\">\n\t\t\t\t\t\t<\/div>\n\t\t<\/section>\n\t\t\t\t<section class=\"elementor-section elementor-top-section elementor-element elementor-element-45227bf7 elementor-section-boxed elementor-section-height-default elementor-section-height-default\" data-id=\"45227bf7\" data-element_type=\"section\">\n\t\t\t\t\t\t<div class=\"elementor-container elementor-column-gap-default\">\n\t\t\t\t\t\t<\/div>\n\t\t<\/section>\n\t\t\t\t<section class=\"elementor-section elementor-top-section elementor-element elementor-element-549b21f elementor-section-boxed elementor-section-height-default elementor-section-height-default\" data-id=\"549b21f\" data-element_type=\"section\">\n\t\t\t\t\t\t<div class=\"elementor-container elementor-column-gap-default\">\n\t\t\t\t\t<div class=\"elementor-column elementor-col-100 elementor-top-column elementor-element elementor-element-f483997\" data-id=\"f483997\" data-element_type=\"column\" data-settings=\"{&quot;background_background&quot;:&quot;classic&quot;}\">\n\t\t\t<div class=\"elementor-widget-wrap elementor-element-populated\">\n\t\t\t\t\t\t<div class=\"elementor-element elementor-element-5e1f6da4 dl-align-center dl-mobile-align-left elementor-widget elementor-widget-industrus_dualheading\" data-id=\"5e1f6da4\" data-element_type=\"widget\" data-settings=\"{&quot;dl_content_align&quot;:&quot;center&quot;,&quot;dl_tag&quot;:&quot;h2&quot;,&quot;dl_content_align_mobile&quot;:&quot;left&quot;}\" data-widget_type=\"industrus_dualheading.default\">\n\t\t\t\t<div class=\"elementor-widget-container\">\n\t\t\t\t\t\t\t<div class=\"dual-heading-wrap\">\r\n\t\t\t\t\t\t<h2 class=\"dual-heading\">\r\n\t\t\t<span class=\"one\">Nuestros <\/span><span class=\"two\">&nbsp;Servicios<\/span>\t\t\t<\/h2>\r\n\t\t\t\t\t<\/div>\r\n\t\t\t\t\t<\/div>\n\t\t\t\t<\/div>\n\t\t\t\t<div class=\"elementor-element elementor-element-e9010a3 elementor-widget elementor-widget-heading\" data-id=\"e9010a3\" data-element_type=\"widget\" data-widget_type=\"heading.default\">\n\t\t\t\t<div class=\"elementor-widget-container\">\n\t\t\t\t\t<h4 class=\"elementor-heading-title elementor-size-default\">\nEstamos comprometidos con brindar un servicio de calidad a tiempo.<\/h4>\t\t\t\t<\/div>\n\t\t\t\t<\/div>\n\t\t\t\t\t<\/div>\n\t\t<\/div>\n\t\t\t\t\t<\/div>\n\t\t<\/section>\n\t\t\t\t<section class=\"elementor-section elementor-top-section elementor-element elementor-element-2449c8c elementor-section-boxed elementor-section-height-default elementor-section-height-default\" data-id=\"2449c8c\" data-element_type=\"section\" data-settings=\"{&quot;background_background&quot;:&quot;classic&quot;}\">\n\t\t\t\t\t\t\t<div class=\"elementor-background-overlay\"><\/div>\n\t\t\t\t\t\t\t<div class=\"elementor-container elementor-column-gap-default\">\n\t\t\t\t\t<div class=\"elementor-column elementor-col-50 elementor-top-column elementor-element elementor-element-7c1f922b\" data-id=\"7c1f922b\" data-element_type=\"column\">\n\t\t\t<div class=\"elementor-widget-wrap elementor-element-populated\">\n\t\t\t\t\t\t<div class=\"elementor-element elementor-element-3bb9d4e0 dl-align-left elementor-widget elementor-widget-industrus_working_process\" data-id=\"3bb9d4e0\" data-element_type=\"widget\" data-settings=\"{&quot;dl_col_desktop&quot;:&quot;col-lg-12&quot;,&quot;dl_content_align&quot;:&quot;left&quot;,&quot;dl_col_tablet&quot;:&quot;col-md-12&quot;,&quot;dl_col_mobile&quot;:&quot;col-sm-12&quot;}\" data-widget_type=\"industrus_working_process.default\">\n\t\t\t\t<div class=\"elementor-widget-container\">\n\t\t\t\t\t\t\t<div class=\"process-items row\">\r\n\t\t\t\t\t\t<div class=\"single-working-process col-lg-12 col-md-12 col-sm-12 elementor-repeater-item-3d93d83 gutter\">\r\n\t\t\t\t<div class=\"working-process-box\">\r\n\t\t\t\t\t\t\t\t\t\t<div class=\"icon-box\">\r\n\t\t\t\t\t\t<i class=\"dl dl-assembly-line\"><\/i>\t\t\t\t\t<\/div>\r\n\t\t\t\t\t\t\t\t\t\t<div class=\"content-box\">\r\n\t\t\t\t\t\t<h3 >BALANCEO DIN\u00c1MICO Y EST\u00c1TICO<\/h3><p >Nuestro departamento de balanceo cuenta con una unidad de \u00faltima generaci\u00f3n para el balanceo est\u00e1tico y din\u00e1mico de los componentes rotativos de las maquinas industriales bajo la certificaci\u00f3n ISO 1940\/73.\n\n<\/p>\t\t\t\t\t<\/div>\r\n\t\t\t\t\t\t\t\t\t<\/div>\r\n\t\t\t<\/div>\r\n\t\t\t\t<\/div>\r\n\t\t\t\t\t<\/div>\n\t\t\t\t<\/div>\n\t\t\t\t<div class=\"elementor-element elementor-element-afb271f elementor-align-left elementor-widget elementor-widget-button\" data-id=\"afb271f\" data-element_type=\"widget\" data-widget_type=\"button.default\">\n\t\t\t\t<div class=\"elementor-widget-container\">\n\t\t\t\t\t\t\t\t\t<div class=\"elementor-button-wrapper\">\n\t\t\t\t\t<a class=\"elementor-button elementor-button-link elementor-size-sm\" href=\"https:\/\/docs.google.com\/forms\/d\/e\/1FAIpQLScphiy4QFdenoEtd4MBW60txTE1zo-C0LYniC8lXsECKcwk0A\/viewform?usp=sf_link\">\n\t\t\t\t\t\t<span class=\"elementor-button-content-wrapper\">\n\t\t\t\t\t\t\t\t\t<span class=\"elementor-button-text\">Solicitar servicio<\/span>\n\t\t\t\t\t<\/span>\n\t\t\t\t\t<\/a>\n\t\t\t\t<\/div>\n\t\t\t\t\t\t\t\t<\/div>\n\t\t\t\t<\/div>\n\t\t\t\t\t<\/div>\n\t\t<\/div>\n\t\t\t\t<div class=\"elementor-column elementor-col-50 elementor-top-column elementor-element elementor-element-b2dbdbb\" data-id=\"b2dbdbb\" data-element_type=\"column\">\n\t\t\t<div class=\"elementor-widget-wrap elementor-element-populated\">\n\t\t\t\t\t\t<div class=\"elementor-element elementor-element-1d48142 dl-align-left elementor-widget elementor-widget-industrus_working_process\" data-id=\"1d48142\" data-element_type=\"widget\" data-settings=\"{&quot;dl_col_desktop&quot;:&quot;col-lg-12&quot;,&quot;dl_content_align&quot;:&quot;left&quot;,&quot;dl_col_tablet&quot;:&quot;col-md-12&quot;,&quot;dl_col_mobile&quot;:&quot;col-sm-12&quot;}\" data-widget_type=\"industrus_working_process.default\">\n\t\t\t\t<div class=\"elementor-widget-container\">\n\t\t\t\t\t\t\t<div class=\"process-items row\">\r\n\t\t\t\t\t\t<div class=\"single-working-process col-lg-12 col-md-12 col-sm-12 elementor-repeater-item-1faa17d gutter\">\r\n\t\t\t\t<div class=\"working-process-box\">\r\n\t\t\t\t\t<div class=\"arrow arrow-down\"><\/div>\t\t\t\t\t<div class=\"icon-box\">\r\n\t\t\t\t\t\t<i class=\"dl dl-generator\"><\/i>\t\t\t\t\t<\/div>\r\n\t\t\t\t\t\t\t\t\t\t<div class=\"content-box\">\r\n\t\t\t\t\t\t<h3 >rebobinado<\/h3><p >Brindamos el servicio de rebobinado de peque\u00f1a, media y alta gama, aplicando el uso de materiales alta calidad. Barnizado por inmersi\u00f3n (Clase H\/Anti-Flashing) y pruebas de condici\u00f3n (de recepci\u00f3n y entrega) certificaci\u00f3n el\u00e9ctricas y diel\u00e9ctricas con nuestra unidad certificada AWA IV 12 kv de Baker.<\/p>\t\t\t\t\t<\/div>\r\n\t\t\t\t\t\t\t\t\t<\/div>\r\n\t\t\t<\/div>\r\n\t\t\t\t<\/div>\r\n\t\t\t\t\t<\/div>\n\t\t\t\t<\/div>\n\t\t\t\t<div class=\"elementor-element elementor-element-f45c771 elementor-align-left elementor-widget elementor-widget-button\" data-id=\"f45c771\" data-element_type=\"widget\" data-widget_type=\"button.default\">\n\t\t\t\t<div class=\"elementor-widget-container\">\n\t\t\t\t\t\t\t\t\t<div class=\"elementor-button-wrapper\">\n\t\t\t\t\t<a class=\"elementor-button elementor-button-link elementor-size-sm\" href=\"https:\/\/docs.google.com\/forms\/d\/e\/1FAIpQLScphiy4QFdenoEtd4MBW60txTE1zo-C0LYniC8lXsECKcwk0A\/viewform?usp=sf_link\">\n\t\t\t\t\t\t<span class=\"elementor-button-content-wrapper\">\n\t\t\t\t\t\t\t\t\t<span class=\"elementor-button-text\">Solicitar servicio<\/span>\n\t\t\t\t\t<\/span>\n\t\t\t\t\t<\/a>\n\t\t\t\t<\/div>\n\t\t\t\t\t\t\t\t<\/div>\n\t\t\t\t<\/div>\n\t\t\t\t\t<\/div>\n\t\t<\/div>\n\t\t\t\t\t<\/div>\n\t\t<\/section>\n\t\t\t\t<section class=\"elementor-section elementor-top-section elementor-element elementor-element-ab4e6c1 elementor-section-boxed elementor-section-height-default elementor-section-height-default\" data-id=\"ab4e6c1\" data-element_type=\"section\" data-settings=\"{&quot;background_background&quot;:&quot;classic&quot;}\">\n\t\t\t\t\t\t\t<div class=\"elementor-background-overlay\"><\/div>\n\t\t\t\t\t\t\t<div class=\"elementor-container elementor-column-gap-default\">\n\t\t\t\t\t<div class=\"elementor-column elementor-col-50 elementor-top-column elementor-element elementor-element-c4f632e\" data-id=\"c4f632e\" data-element_type=\"column\">\n\t\t\t<div class=\"elementor-widget-wrap elementor-element-populated\">\n\t\t\t\t\t\t<div class=\"elementor-element elementor-element-0df8c33 dl-align-left elementor-widget elementor-widget-industrus_working_process\" data-id=\"0df8c33\" data-element_type=\"widget\" data-settings=\"{&quot;dl_col_desktop&quot;:&quot;col-lg-12&quot;,&quot;dl_content_align&quot;:&quot;left&quot;,&quot;dl_col_tablet&quot;:&quot;col-md-12&quot;,&quot;dl_col_mobile&quot;:&quot;col-sm-12&quot;}\" data-widget_type=\"industrus_working_process.default\">\n\t\t\t\t<div class=\"elementor-widget-container\">\n\t\t\t\t\t\t\t<div class=\"process-items row\">\r\n\t\t\t\t\t\t<div class=\"single-working-process col-lg-12 col-md-12 col-sm-12 elementor-repeater-item-3d93d83 gutter\">\r\n\t\t\t\t<div class=\"working-process-box\">\r\n\t\t\t\t\t\t\t\t\t\t<div class=\"icon-box\">\r\n\t\t\t\t\t\t<i class=\"dl dl-worker-2\"><\/i>\t\t\t\t\t<\/div>\r\n\t\t\t\t\t\t\t\t\t\t<div class=\"content-box\">\r\n\t\t\t\t\t\t<h3 >MANTENIMIENTO EL\u00c9CTRICO Y RECONSTRUCCI\u00d3N MEC\u00c1NICA<\/h3><p >Cada equipo recibido en nuestras instalaciones agota un minucioso proceso de inspecci\u00f3n y evaluaciones por nuestro personal t\u00e9cnico especializado con el objetivo de realizar un informe integro de todos los hallazgos de condici\u00f3n el\u00e9ctrica y mec\u00e1nica para aplicar las reparaciones y mejoras mas efectivas para asegurar la mejor vida \u00fatil en el activo de nuestros clientes.<\/p>\t\t\t\t\t<\/div>\r\n\t\t\t\t\t\t\t\t\t<\/div>\r\n\t\t\t<\/div>\r\n\t\t\t\t<\/div>\r\n\t\t\t\t\t<\/div>\n\t\t\t\t<\/div>\n\t\t\t\t<div class=\"elementor-element elementor-element-cecc457 elementor-align-left elementor-widget elementor-widget-button\" data-id=\"cecc457\" data-element_type=\"widget\" data-widget_type=\"button.default\">\n\t\t\t\t<div class=\"elementor-widget-container\">\n\t\t\t\t\t\t\t\t\t<div class=\"elementor-button-wrapper\">\n\t\t\t\t\t<a class=\"elementor-button elementor-button-link elementor-size-sm\" href=\"https:\/\/docs.google.com\/forms\/d\/e\/1FAIpQLScphiy4QFdenoEtd4MBW60txTE1zo-C0LYniC8lXsECKcwk0A\/viewform?usp=sf_link\">\n\t\t\t\t\t\t<span class=\"elementor-button-content-wrapper\">\n\t\t\t\t\t\t\t\t\t<span class=\"elementor-button-text\">Solicitar servicio<\/span>\n\t\t\t\t\t<\/span>\n\t\t\t\t\t<\/a>\n\t\t\t\t<\/div>\n\t\t\t\t\t\t\t\t<\/div>\n\t\t\t\t<\/div>\n\t\t\t\t\t<\/div>\n\t\t<\/div>\n\t\t\t\t<div class=\"elementor-column elementor-col-50 elementor-top-column elementor-element elementor-element-f4d3453\" data-id=\"f4d3453\" data-element_type=\"column\">\n\t\t\t<div class=\"elementor-widget-wrap elementor-element-populated\">\n\t\t\t\t\t\t<div class=\"elementor-element elementor-element-1f5ad38 dl-align-left elementor-widget elementor-widget-industrus_working_process\" data-id=\"1f5ad38\" data-element_type=\"widget\" data-settings=\"{&quot;dl_col_desktop&quot;:&quot;col-lg-12&quot;,&quot;dl_content_align&quot;:&quot;left&quot;,&quot;dl_col_tablet&quot;:&quot;col-md-12&quot;,&quot;dl_col_mobile&quot;:&quot;col-sm-12&quot;}\" data-widget_type=\"industrus_working_process.default\">\n\t\t\t\t<div class=\"elementor-widget-container\">\n\t\t\t\t\t\t\t<div class=\"process-items row\">\r\n\t\t\t\t\t\t<div class=\"single-working-process col-lg-12 col-md-12 col-sm-12 elementor-repeater-item-1faa17d gutter\">\r\n\t\t\t\t<div class=\"working-process-box\">\r\n\t\t\t\t\t<div class=\"arrow arrow-down\"><\/div>\t\t\t\t\t<div class=\"icon-box\">\r\n\t\t\t\t\t\t<i class=\"dl dl-factory-2\"><\/i>\t\t\t\t\t<\/div>\r\n\t\t\t\t\t\t\t\t\t\t<div class=\"content-box\">\r\n\t\t\t\t\t\t<h3 >EVALUACI\u00d3N Y SERVICIO MEC\u00c1NICO INDUSTRIAL<\/h3><p >Nuestro protocolo de evaluaci\u00f3n mec\u00e1nica es realizado tomando como par\u00e1metros las normativas internacionales suplidos por las entidades acreditadas en el \u00e1rea, especialmente EASA, IEEE\/AMBA.<\/p>\t\t\t\t\t<\/div>\r\n\t\t\t\t\t\t\t\t\t<\/div>\r\n\t\t\t<\/div>\r\n\t\t\t\t<\/div>\r\n\t\t\t\t\t<\/div>\n\t\t\t\t<\/div>\n\t\t\t\t<div class=\"elementor-element elementor-element-4752e75 elementor-align-left elementor-widget elementor-widget-button\" data-id=\"4752e75\" data-element_type=\"widget\" data-widget_type=\"button.default\">\n\t\t\t\t<div class=\"elementor-widget-container\">\n\t\t\t\t\t\t\t\t\t<div class=\"elementor-button-wrapper\">\n\t\t\t\t\t<a class=\"elementor-button elementor-button-link elementor-size-sm\" href=\"https:\/\/docs.google.com\/forms\/d\/e\/1FAIpQLScphiy4QFdenoEtd4MBW60txTE1zo-C0LYniC8lXsECKcwk0A\/viewform?usp=sf_link\">\n\t\t\t\t\t\t<span class=\"elementor-button-content-wrapper\">\n\t\t\t\t\t\t\t\t\t<span class=\"elementor-button-text\">Solicitar servicio<\/span>\n\t\t\t\t\t<\/span>\n\t\t\t\t\t<\/a>\n\t\t\t\t<\/div>\n\t\t\t\t\t\t\t\t<\/div>\n\t\t\t\t<\/div>\n\t\t\t\t\t<\/div>\n\t\t<\/div>\n\t\t\t\t\t<\/div>\n\t\t<\/section>\n\t\t\t\t<section class=\"elementor-section elementor-top-section elementor-element elementor-element-c9efb36 elementor-section-content-middle elementor-section-boxed elementor-section-height-default elementor-section-height-default\" data-id=\"c9efb36\" data-element_type=\"section\" data-settings=\"{&quot;background_background&quot;:&quot;classic&quot;}\">\n\t\t\t\t\t\t\t<div class=\"elementor-background-overlay\"><\/div>\n\t\t\t\t\t\t\t<div class=\"elementor-container elementor-column-gap-default\">\n\t\t\t\t\t<div class=\"elementor-column elementor-col-50 elementor-top-column elementor-element elementor-element-bdf35a4\" data-id=\"bdf35a4\" data-element_type=\"column\">\n\t\t\t<div class=\"elementor-widget-wrap elementor-element-populated\">\n\t\t\t\t\t\t<div class=\"elementor-element elementor-element-83dfc06 dl-align-left elementor-widget elementor-widget-industrus-section-heading\" data-id=\"83dfc06\" data-element_type=\"widget\" data-widget_type=\"industrus-section-heading.default\">\n\t\t\t\t<div class=\"elementor-widget-container\">\n\t\t\t\t\t        <div class=\"dl-section-heading\">\r\n                                    <h2 class=\"dl-heading\" data-bg-text=\"\">\r\n                                                <span class=\"dl-center\">Asistencia a<\/span>\r\n                                                <span class=\"dl-after\">Emergencias<\/span>\r\n                                            <\/h2>\r\n                                        <p class=\"dl-desc\">Sus emergencias son atendidas con seriedad y prontitud, con disponibilidad de transportarlo cuanto antes para atender su requerimiento:\n\nSoporte t\u00e9cnico en linea.\nSoporte t\u00e9cnico en sitio, d\u00edas especiales.<\/p>\r\n                    <\/div>\r\n        \t\t\t\t<\/div>\n\t\t\t\t<\/div>\n\t\t\t\t<div class=\"elementor-element elementor-element-a235fdc wt-mobile-align-left elementor-widget elementor-widget-industrus_button\" data-id=\"a235fdc\" data-element_type=\"widget\" data-settings=\"{&quot;btn_style&quot;:&quot;1&quot;}\" data-widget_type=\"industrus_button.default\">\n\t\t\t\t<div class=\"elementor-widget-container\">\n\t\t\t\t\t\t\t<div id=\"wt-at-a235fdc\" class=\"wt-button-wrap\">\r\n\t\t\t<a href=\"https:\/\/docs.google.com\/forms\/d\/e\/1FAIpQLScphiy4QFdenoEtd4MBW60txTE1zo-C0LYniC8lXsECKcwk0A\/viewform?usp=sf_link\" class=\"dl-btn-2\">Solicitar<span><\/span><\/a>\t\t<\/div>\r\n\r\n\t\t\t\t\t<\/div>\n\t\t\t\t<\/div>\n\t\t\t\t\t<\/div>\n\t\t<\/div>\n\t\t\t\t<div class=\"elementor-column elementor-col-50 elementor-top-column elementor-element elementor-element-7b4d5c1\" data-id=\"7b4d5c1\" data-element_type=\"column\">\n\t\t\t<div class=\"elementor-widget-wrap elementor-element-populated\">\n\t\t\t\t\t\t<div class=\"elementor-element elementor-element-c88c958 elementor-widget elementor-widget-image\" data-id=\"c88c958\" data-element_type=\"widget\" data-widget_type=\"image.default\">\n\t\t\t\t<div class=\"elementor-widget-container\">\n\t\t\t\t\t\t\t\t\t\t\t\t\t\t\t<img fetchpriority=\"high\" decoding=\"async\" width=\"825\" height=\"548\" src=\"https:\/\/www.lastreindustrial.com.do\/wp-content\/uploads\/2021\/06\/Imagenes-para-lastre3.png\" class=\"attachment-large size-large wp-image-2079\" alt=\"\" srcset=\"https:\/\/www.lastreindustrial.com.do\/wp-content\/uploads\/2021\/06\/Imagenes-para-lastre3.png 1024w, https:\/\/www.lastreindustrial.com.do\/wp-content\/uploads\/2021\/06\/Imagenes-para-lastre3-300x199.png 300w, https:\/\/www.lastreindustrial.com.do\/wp-content\/uploads\/2021\/06\/Imagenes-para-lastre3-768x510.png 768w\" sizes=\"(max-width: 825px) 100vw, 825px\" \/>\t\t\t\t\t\t\t\t\t\t\t\t\t\t\t<\/div>\n\t\t\t\t<\/div>\n\t\t\t\t\t<\/div>\n\t\t<\/div>\n\t\t\t\t\t<\/div>\n\t\t<\/section>\n\t\t\t\t<section class=\"elementor-section elementor-top-section elementor-element elementor-element-7b74e6f8 elementor-section-boxed elementor-section-height-default elementor-section-height-default\" data-id=\"7b74e6f8\" data-element_type=\"section\">\n\t\t\t\t\t\t<div class=\"elementor-container elementor-column-gap-default\">\n\t\t\t\t\t\t<\/div>\n\t\t<\/section>\n\t\t\t\t<section class=\"elementor-section elementor-top-section elementor-element elementor-element-1ef29c83 elementor-section-content-middle elementor-section-boxed elementor-section-height-default elementor-section-height-default\" data-id=\"1ef29c83\" data-element_type=\"section\" data-settings=\"{&quot;background_background&quot;:&quot;classic&quot;}\">\n\t\t\t\t\t\t<div class=\"elementor-container elementor-column-gap-default\">\n\t\t\t\t\t<div class=\"elementor-column elementor-col-50 elementor-top-column elementor-element elementor-element-1d9d91d1\" data-id=\"1d9d91d1\" data-element_type=\"column\">\n\t\t\t<div class=\"elementor-widget-wrap elementor-element-populated\">\n\t\t\t\t\t\t<div class=\"elementor-element elementor-element-91e369e dl-align-left elementor-widget elementor-widget-industrus_dualheading\" data-id=\"91e369e\" data-element_type=\"widget\" data-settings=\"{&quot;dl_content_align&quot;:&quot;left&quot;,&quot;dl_tag&quot;:&quot;h3&quot;}\" data-widget_type=\"industrus_dualheading.default\">\n\t\t\t\t<div class=\"elementor-widget-container\">\n\t\t\t\t\t\t\t<div class=\"dual-heading-wrap\">\r\n\t\t\t\t\t\t<h3 class=\"dual-heading\">\r\n\t\t\t<span class=\"one\">Cont\u00e1cta con<\/span><span class=\"two\">&nbsp;Nosotros<\/span>\t\t\t<\/h3>\r\n\t\t\t\t\t<\/div>\r\n\t\t\t\t\t<\/div>\n\t\t\t\t<\/div>\n\t\t\t\t<div class=\"elementor-element elementor-element-2d75de12 dl-left elementor-widget elementor-widget-industrus_service\" data-id=\"2d75de12\" data-element_type=\"widget\" data-widget_type=\"industrus_service.default\">\n\t\t\t\t<div class=\"elementor-widget-container\">\n\t\t\t\t\t            <div class=\"dl-service dl-service-style-5\" >\r\n                <div class=\"dl-icon\"><i class=\"fas fa-mail-bulk\"><\/i><\/div>                                <div class=\"content\">\r\n                    <p >servicios@lastreindustrial.com.do<\/p>                <\/div>\r\n            <\/div>\r\n        \t\t\t\t<\/div>\n\t\t\t\t<\/div>\n\t\t\t\t<div class=\"elementor-element elementor-element-67ead87d dl-left elementor-widget elementor-widget-industrus_service\" data-id=\"67ead87d\" data-element_type=\"widget\" data-widget_type=\"industrus_service.default\">\n\t\t\t\t<div class=\"elementor-widget-container\">\n\t\t\t\t\t            <div class=\"dl-service dl-service-style-5\" >\r\n                <div class=\"dl-icon\"><i class=\"fas fa-map-marker-alt\"><\/i><\/div>                                <div class=\"content\">\r\n                    <p >Ave. Las Am\u00e9ricas #1, Local 1A, Santo Domingo Este <br> Santo Domingo, Rep\u00fablica Dominicana<\/p>                <\/div>\r\n            <\/div>\r\n        \t\t\t\t<\/div>\n\t\t\t\t<\/div>\n\t\t\t\t<div class=\"elementor-element elementor-element-361227af dl-left elementor-widget elementor-widget-industrus_service\" data-id=\"361227af\" data-element_type=\"widget\" data-widget_type=\"industrus_service.default\">\n\t\t\t\t<div class=\"elementor-widget-container\">\n\t\t\t\t\t            <div class=\"dl-service dl-service-style-5\" >\r\n                <div class=\"dl-icon\"><i class=\"fas fa-phone-alt\"><\/i><\/div>                                <div class=\"content\">\r\n                    <p >(809) 565-9313<\/p>                <\/div>\r\n            <\/div>\r\n        \t\t\t\t<\/div>\n\t\t\t\t<\/div>\n\t\t\t\t\t<\/div>\n\t\t<\/div>\n\t\t\t\t<div class=\"elementor-column elementor-col-50 elementor-top-column elementor-element elementor-element-55a1a39\" data-id=\"55a1a39\" data-element_type=\"column\">\n\t\t\t<div class=\"elementor-widget-wrap elementor-element-populated\">\n\t\t\t\t\t\t<div class=\"elementor-element elementor-element-20af4b9e elementor-widget elementor-widget-industrus_contact_form\" data-id=\"20af4b9e\" data-element_type=\"widget\" data-widget_type=\"industrus_contact_form.default\">\n\t\t\t\t<div class=\"elementor-widget-container\">\n\t\t\t\t\t<div class=\"wt-cf7-form\">\n<div class=\"wpcf7 no-js\" id=\"wpcf7-f1709-o1\" lang=\"en-US\" dir=\"ltr\" data-wpcf7-id=\"1709\">\n<div class=\"screen-reader-response\"><p role=\"status\" aria-live=\"polite\" aria-atomic=\"true\"><\/p> <ul><\/ul><\/div>\n<form action=\"\/index.php?rest_route=%2Fwp%2Fv2%2Fpages%2F993#wpcf7-f1709-o1\" method=\"post\" class=\"wpcf7-form init\" aria-label=\"Contact form\" novalidate=\"novalidate\" data-status=\"init\">\n<fieldset class=\"hidden-fields-container\"><input type=\"hidden\" name=\"_wpcf7\" value=\"1709\" \/><input type=\"hidden\" name=\"_wpcf7_version\" value=\"6.1.4\" \/><input type=\"hidden\" name=\"_wpcf7_locale\" value=\"en_US\" \/><input type=\"hidden\" name=\"_wpcf7_unit_tag\" value=\"wpcf7-f1709-o1\" \/><input type=\"hidden\" name=\"_wpcf7_container_post\" value=\"0\" \/><input type=\"hidden\" name=\"_wpcf7_posted_data_hash\" value=\"\" \/>\n<\/fieldset>\n<div class=\"cf7-col-row\">\n\t<div class=\"cf7-col\">\n\t\t<p><span class=\"wpcf7-form-control-wrap\" data-name=\"first-name\"><input size=\"40\" maxlength=\"400\" class=\"wpcf7-form-control wpcf7-text wpcf7-validates-as-required\" aria-required=\"true\" aria-invalid=\"false\" placeholder=\"NOMBRE\" value=\"\" type=\"text\" name=\"first-name\" \/><\/span>\n\t\t<\/p>\n\t<\/div>\n\t<div class=\"cf7-col\">\n\t\t<p><span class=\"wpcf7-form-control-wrap\" data-name=\"last-name\"><input size=\"40\" maxlength=\"400\" class=\"wpcf7-form-control wpcf7-text wpcf7-validates-as-required\" aria-required=\"true\" aria-invalid=\"false\" placeholder=\"EMPRESA\" value=\"\" type=\"text\" name=\"last-name\" \/><\/span>\n\t\t<\/p>\n\t<\/div>\n<\/div>\n<div class=\"cf7-col-row\">\n\t<div class=\"cf7-col\">\n\t\t<p><span class=\"wpcf7-form-control-wrap\" data-name=\"your-email\"><input size=\"40\" maxlength=\"400\" class=\"wpcf7-form-control wpcf7-email wpcf7-validates-as-required wpcf7-text wpcf7-validates-as-email\" aria-required=\"true\" aria-invalid=\"false\" placeholder=\"EMAIL\" value=\"\" type=\"email\" name=\"your-email\" \/><\/span>\n\t\t<\/p>\n\t<\/div>\n\t<div class=\"cf7-col\">\n\t\t<p><span class=\"wpcf7-form-control-wrap\" data-name=\"your-subject\"><input size=\"40\" maxlength=\"400\" class=\"wpcf7-form-control wpcf7-text\" aria-invalid=\"false\" placeholder=\"ASUNTO\" value=\"\" type=\"text\" name=\"your-subject\" \/><\/span>\n\t\t<\/p>\n\t<\/div>\n<\/div>\n<p><span class=\"wpcf7-form-control-wrap\" data-name=\"message\"><textarea cols=\"40\" rows=\"10\" maxlength=\"2000\" class=\"wpcf7-form-control wpcf7-textarea wpcf7-validates-as-required\" aria-required=\"true\" aria-invalid=\"false\" placeholder=\"MENSAJE\" name=\"message\"><\/textarea><\/span>\n<\/p>\n<div class=\"cf7-btn\">\n\t<p><input class=\"wpcf7-form-control wpcf7-submit has-spinner\" type=\"submit\" value=\"ENVIAR MENSAJE\" \/>\n\t<\/p>\n<\/div><div class=\"wpcf7-response-output\" aria-hidden=\"true\"><\/div>\n<\/form>\n<\/div>\n<\/div>\t\t\t\t<\/div>\n\t\t\t\t<\/div>\n\t\t\t\t\t<\/div>\n\t\t<\/div>\n\t\t\t\t\t<\/div>\n\t\t<\/section>\n\t\t\t\t<\/div>\n\t\t","protected":false},"excerpt":{"rendered":"<p>Nuestros &nbsp;Servicios Estamos comprometidos con brindar un servicio de calidad a tiempo. BALANCEO DIN\u00c1MICO Y EST\u00c1TICO Nuestro departamento de balanceo cuenta con una unidad de \u00faltima generaci\u00f3n para el balanceo est\u00e1tico y din\u00e1mico de los componentes rotativos de las maquinas industriales bajo la certificaci\u00f3n ISO 1940\/73. Solicitar servicio rebobinado Brindamos el servicio de rebobinado de<\/p>\n","protected":false},"author":1,"featured_media":0,"parent":0,"menu_order":0,"comment_status":"closed","ping_status":"closed","template":"empty-template.php","meta":{"_acf_changed":false,"footnotes":""},"class_list":["post-993","page","type-page","status-publish","hentry"],"acf":[],"_links":{"self":[{"href":"https:\/\/www.lastreindustrial.com.do\/index.php?rest_route=\/wp\/v2\/pages\/993","targetHints":{"allow":["GET"]}}],"collection":[{"href":"https:\/\/www.lastreindustrial.com.do\/index.php?rest_route=\/wp\/v2\/pages"}],"about":[{"href":"https:\/\/www.lastreindustrial.com.do\/index.php?rest_route=\/wp\/v2\/types\/page"}],"author":[{"embeddable":true,"href":"https:\/\/www.lastreindustrial.com.do\/index.php?rest_route=\/wp\/v2\/users\/1"}],"replies":[{"embeddable":true,"href":"https:\/\/www.lastreindustrial.com.do\/index.php?rest_route=%2Fwp%2Fv2%2Fcomments&post=993"}],"version-history":[{"count":178,"href":"https:\/\/www.lastreindustrial.com.do\/index.php?rest_route=\/wp\/v2\/pages\/993\/revisions"}],"predecessor-version":[{"id":3173,"href":"https:\/\/www.lastreindustrial.com.do\/index.php?rest_route=\/wp\/v2\/pages\/993\/revisions\/3173"}],"wp:attachment":[{"href":"https:\/\/www.lastreindustrial.com.do\/index.php?rest_route=%2Fwp%2Fv2%2Fmedia&parent=993"}],"curies":[{"name":"wp","href":"https:\/\/api.w.org\/{rel}","templated":true}]}}