{"id":52,"date":"2020-11-23T07:23:50","date_gmt":"2020-11-23T07:23:50","guid":{"rendered":"http:\/\/wp.dynamiclayers.net\/industrus\/?page_id=52"},"modified":"2026-01-13T18:00:12","modified_gmt":"2026-01-13T18:00:12","slug":"homepage-default","status":"publish","type":"page","link":"https:\/\/www.lastreindustrial.com.do\/","title":{"rendered":"Inicio"},"content":{"rendered":"\t\t<div data-elementor-type=\"wp-page\" data-elementor-id=\"52\" class=\"elementor elementor-52\">\n\t\t\t\t\t\t<section class=\"elementor-section elementor-top-section elementor-element elementor-element-8f5a4eb elementor-section-full_width elementor-section-height-default elementor-section-height-default\" data-id=\"8f5a4eb\" data-element_type=\"section\">\n\t\t\t\t\t\t<div class=\"elementor-container elementor-column-gap-no\">\n\t\t\t\t\t<div class=\"elementor-column elementor-col-100 elementor-top-column elementor-element elementor-element-d9e0452\" data-id=\"d9e0452\" data-element_type=\"column\">\n\t\t\t<div class=\"elementor-widget-wrap elementor-element-populated\">\n\t\t\t\t\t\t<div class=\"elementor-element elementor-element-16aa528 elementor-widget elementor-widget-industrus_main_slider\" data-id=\"16aa528\" data-element_type=\"widget\" data-widget_type=\"industrus_main_slider.default\">\n\t\t\t\t<div class=\"elementor-widget-container\">\n\t\t\t\t\t\t\t<div class=\"dl-slider  custom dots-stroke nav-style-1\" data-autoplay=\"1\" data-autoplay-speed=\"5000\" data-initial-slide=\"0\" data-dots=\"true\" data-arrows=\"true\" data-pauseon-hover=\"false\">\r\n\t\t\t\t\t\t\t\t<div class=\"hero-slide slide-2 mask\">\r\n\t\t\t\t<div class=\"bg-img kenburns-top\" style=\"background-image: url(https:\/\/www.lastreindustrial.com.do\/wp-content\/uploads\/2021\/06\/interior-view-of-steel-factory-1.png);\"><\/div>\t\t\t\t\t\t\t\t\t\t\t\t\t\t\t\t<div class=\"slider-content-wrap d-flex align-items-center\">\r\n\t\t\t\t\t<div class=\"container\">\r\n\t\t\t\t\t\t<div class=\"slider-content\">\r\n\t\t\t\t\t\t<div class=\"dl-caption big elementor-repeater-item-51a0124\"><div class=\"inner-layer\"><div data-animation=\"fade-in-right\" data-delay=\"800ms\">Atendemos sus emergencias <br> con seriedad y prontitud.<\/div><\/div><\/div><div class=\"dl-btn-group button elementor-repeater-item-b58020d\"><div class=\"inner-layer\"><a href=\"http:\/\/lastreindustrial.com.do\/?page_id=1605\" class=\"dl-btn-2\" data-animation=\"fade-in-right\" data-delay=\"1200ms\">Contactar<span><\/span><\/a><\/div><\/div>\t\t\t\t\t\t<\/div>\r\n\t\t\t\t\t<\/div>\r\n\t\t\t\t<\/div>  \r\n\t\t\t\t \r\n\t\t\t<\/div>\r\n\t\t\t\t\t\t\t\t\t<div class=\"hero-slide slide-3 mask\">\r\n\t\t\t\t<div class=\"bg-img kenburns-left\" style=\"background-image: url(https:\/\/www.lastreindustrial.com.do\/wp-content\/uploads\/2021\/06\/interior-view-of-steel-factory-1.png);\"><\/div>\t\t\t\t\t\t\t\t\t\t\t\t\t\t\t\t<div class=\"slider-content-wrap d-flex align-items-center\">\r\n\t\t\t\t\t<div class=\"container\">\r\n\t\t\t\t\t\t<div class=\"slider-content\">\r\n\t\t\t\t\t\t<div class=\"dl-caption big elementor-repeater-item-c4eb814\"><div class=\"inner-layer\"><div data-animation=\"fade-in-right\" data-delay=\"800ms\">M\u00e1s de 30 a\u00f1os en <br> el \u00e1rea electromec\u00e1nica<\/div><\/div><\/div><div class=\"dl-btn-group button elementor-repeater-item-ec3579d\"><div class=\"inner-layer\"><a href=\"http:\/\/lastreindustrial.com.do\/?page_id=900\" class=\"dl-btn-2\" data-animation=\"fade-in-right\" data-delay=\"1200ms\">Empresa<span><\/span><\/a><\/div><\/div>\t\t\t\t\t\t<\/div>\r\n\t\t\t\t\t<\/div>\r\n\t\t\t\t<\/div>  \r\n\t\t\t\t \r\n\t\t\t<\/div>\r\n\t\t\t\t\t<\/div>\r\n\t\t\t\t\t<\/div>\n\t\t\t\t<\/div>\n\t\t\t\t\t<\/div>\n\t\t<\/div>\n\t\t\t\t\t<\/div>\n\t\t<\/section>\n\t\t\t\t<section class=\"elementor-section elementor-top-section elementor-element elementor-element-f878edb elementor-section-content-middle elementor-section-boxed elementor-section-height-default elementor-section-height-default\" data-id=\"f878edb\" data-element_type=\"section\" data-settings=\"{&quot;background_background&quot;:&quot;classic&quot;}\">\n\t\t\t\t\t\t\t<div class=\"elementor-background-overlay\"><\/div>\n\t\t\t\t\t\t\t<div class=\"elementor-container elementor-column-gap-default\">\n\t\t\t\t\t<div class=\"elementor-column elementor-col-50 elementor-top-column elementor-element elementor-element-4cb76ed\" data-id=\"4cb76ed\" data-element_type=\"column\">\n\t\t\t<div class=\"elementor-widget-wrap elementor-element-populated\">\n\t\t\t\t\t\t<div class=\"elementor-element elementor-element-a3498e2 dl-align-left elementor-widget elementor-widget-industrus-section-heading\" data-id=\"a3498e2\" data-element_type=\"widget\" data-widget_type=\"industrus-section-heading.default\">\n\t\t\t\t<div class=\"elementor-widget-container\">\n\t\t\t\t\t        <div class=\"dl-section-heading\">\r\n                            <h4 class=\"dl-sub-heading\">somos:<\/h4>\r\n                                    <h2 class=\"dl-heading\" data-bg-text=\"\">\r\n                                <span class=\"dl-before\">Honestidad, Responsabilidad, <\/span>\r\n                                                <span class=\"dl-center\"> Disciplina y<\/span>\r\n                                                <span class=\"dl-after\">calidad a tiempo<\/span>\r\n                                            <\/h2>\r\n                                        <p class=\"dl-desc\">Lastre Industrial SRL es una empresa con sus or\u00edgenes en diversas \u00e1reas de la industria,  tales como generaci\u00f3n, metalurgia, miner\u00eda, agregados entre otros.  La misma contiene en su direcci\u00f3n t\u00e9cnica un  personal de alto cr\u00e9dito profesional, con m\u00e1s de 30 a\u00f1os en el \u00e1rea electromec\u00e1nica realizando de manera estricta servicios de calidad incuestionable. <\/p>\r\n                    <\/div>\r\n        \t\t\t\t<\/div>\n\t\t\t\t<\/div>\n\t\t\t\t<section class=\"elementor-section elementor-inner-section elementor-element elementor-element-01e88dd elementor-section-boxed elementor-section-height-default elementor-section-height-default\" data-id=\"01e88dd\" data-element_type=\"section\">\n\t\t\t\t\t\t<div class=\"elementor-container elementor-column-gap-default\">\n\t\t\t\t\t<div class=\"elementor-column elementor-col-50 elementor-inner-column elementor-element elementor-element-b0dbe62\" data-id=\"b0dbe62\" data-element_type=\"column\">\n\t\t\t<div class=\"elementor-widget-wrap elementor-element-populated\">\n\t\t\t\t\t\t<div class=\"elementor-element elementor-element-22d5f41 elementor-position-inline-start elementor-view-default elementor-mobile-position-block-start elementor-widget elementor-widget-icon-box\" data-id=\"22d5f41\" data-element_type=\"widget\" data-widget_type=\"icon-box.default\">\n\t\t\t\t<div class=\"elementor-widget-container\">\n\t\t\t\t\t\t\t<div class=\"elementor-icon-box-wrapper\">\n\n\t\t\t\t\t\t<div class=\"elementor-icon-box-icon\">\n\t\t\t\t<span  class=\"elementor-icon\">\n\t\t\t\t<i aria-hidden=\"true\" class=\"pe pe-7s-star\"><\/i>\t\t\t\t<\/span>\n\t\t\t<\/div>\n\t\t\t\n\t\t\t\t\t\t<div class=\"elementor-icon-box-content\">\n\n\t\t\t\t\t\t\t\t\t<h3 class=\"elementor-icon-box-title\">\n\t\t\t\t\t\t<span  >\n\t\t\t\t\t\t\tVisi\u00f3n\t\t\t\t\t\t<\/span>\n\t\t\t\t\t<\/h3>\n\t\t\t\t\n\t\t\t\t\t\t\t\t\t<p class=\"elementor-icon-box-description\">\n\t\t\t\t\t\tSer una marca de calidad, apegada a las informaciones de los correctos procesos de reconstrucci\u00f3n y mantenimiento de los equipos electromec\u00e1nicos que intervenimos.\t\t\t\t\t<\/p>\n\t\t\t\t\n\t\t\t<\/div>\n\t\t\t\n\t\t<\/div>\n\t\t\t\t\t\t<\/div>\n\t\t\t\t<\/div>\n\t\t\t\t\t<\/div>\n\t\t<\/div>\n\t\t\t\t<div class=\"elementor-column elementor-col-50 elementor-inner-column elementor-element elementor-element-c8ee413\" data-id=\"c8ee413\" data-element_type=\"column\">\n\t\t\t<div class=\"elementor-widget-wrap elementor-element-populated\">\n\t\t\t\t\t\t<div class=\"elementor-element elementor-element-e29172a elementor-position-inline-start elementor-view-default elementor-mobile-position-block-start elementor-widget elementor-widget-icon-box\" data-id=\"e29172a\" data-element_type=\"widget\" data-widget_type=\"icon-box.default\">\n\t\t\t\t<div class=\"elementor-widget-container\">\n\t\t\t\t\t\t\t<div class=\"elementor-icon-box-wrapper\">\n\n\t\t\t\t\t\t<div class=\"elementor-icon-box-icon\">\n\t\t\t\t<span  class=\"elementor-icon\">\n\t\t\t\t<i aria-hidden=\"true\" class=\"pe pe-7s-target\"><\/i>\t\t\t\t<\/span>\n\t\t\t<\/div>\n\t\t\t\n\t\t\t\t\t\t<div class=\"elementor-icon-box-content\">\n\n\t\t\t\t\t\t\t\t\t<h3 class=\"elementor-icon-box-title\">\n\t\t\t\t\t\t<span  >\n\t\t\t\t\t\t\tMisi\u00f3n\t\t\t\t\t\t<\/span>\n\t\t\t\t\t<\/h3>\n\t\t\t\t\n\t\t\t\t\t\t\t\t\t<p class=\"elementor-icon-box-description\">\n\t\t\t\t\t\tSer la mejor opci\u00f3n en nuestro pa\u00eds, en servicio, calidad y costo en la reconstrucci\u00f3n y venta de motores y generadores el\u00e9ctricos AC y DC.\t\t\t\t\t<\/p>\n\t\t\t\t\n\t\t\t<\/div>\n\t\t\t\n\t\t<\/div>\n\t\t\t\t\t\t<\/div>\n\t\t\t\t<\/div>\n\t\t\t\t\t<\/div>\n\t\t<\/div>\n\t\t\t\t\t<\/div>\n\t\t<\/section>\n\t\t\t\t<div class=\"elementor-element elementor-element-20fa7f8 wt-mobile-align-left wt-align-right elementor-widget elementor-widget-industrus_button\" data-id=\"20fa7f8\" data-element_type=\"widget\" data-settings=\"{&quot;btn_style&quot;:&quot;1&quot;}\" data-widget_type=\"industrus_button.default\">\n\t\t\t\t<div class=\"elementor-widget-container\">\n\t\t\t\t\t\t\t<div id=\"wt-at-20fa7f8\" class=\"wt-button-wrap\">\r\n\t\t\t<a href=\"https:\/\/www.lastreindustrial.com.do\/?page_id=900\" class=\"dl-btn-2\">M\u00e1s de nosotros<span><\/span><\/a>\t\t<\/div>\r\n\r\n\t\t\t\t\t<\/div>\n\t\t\t\t<\/div>\n\t\t\t\t\t<\/div>\n\t\t<\/div>\n\t\t\t\t<div class=\"elementor-column elementor-col-50 elementor-top-column elementor-element elementor-element-bec2ae0\" data-id=\"bec2ae0\" data-element_type=\"column\" data-settings=\"{&quot;background_background&quot;:&quot;classic&quot;}\">\n\t\t\t<div class=\"elementor-widget-wrap elementor-element-populated\">\n\t\t\t\t\t\t<div class=\"elementor-section elementor-inner-section elementor-element elementor-element-d535229 elementor-section-full_width elementor-section-content-middle elementor-section-height-default elementor-section-height-default\" data-id=\"d535229\" data-element_type=\"section\" data-settings=\"{&quot;background_background&quot;:&quot;classic&quot;}\">\n\t\t\t\t\t\t<div class=\"elementor-container elementor-column-gap-default\">\n\t\t\t\t\t<div class=\"elementor-column elementor-col-100 elementor-inner-column elementor-element elementor-element-d5953e4\" data-id=\"d5953e4\" data-element_type=\"column\">\n\t\t\t<div class=\"elementor-widget-wrap elementor-element-populated\">\n\t\t\t\t\t\t<div class=\"elementor-element elementor-element-737006c elementor-widget elementor-widget-image\" data-id=\"737006c\" data-element_type=\"widget\" data-widget_type=\"image.default\">\n\t\t\t\t<div class=\"elementor-widget-container\">\n\t\t\t\t\t\t\t\t\t\t\t\t\t\t\t<img fetchpriority=\"high\" decoding=\"async\" width=\"424\" height=\"462\" src=\"https:\/\/www.lastreindustrial.com.do\/wp-content\/uploads\/2021\/02\/corner-pattern-left.png\" class=\"attachment-full size-full wp-image-1689\" alt=\"\" \/>\t\t\t\t\t\t\t\t\t\t\t\t\t\t\t<\/div>\n\t\t\t\t<\/div>\n\t\t\t\t\t<\/div>\n\t\t<\/div>\n\t\t\t\t\t<\/div>\n\t\t<\/div>\n\t\t\t\t\t<\/div>\n\t\t<\/div>\n\t\t\t\t\t<\/div>\n\t\t<\/section>\n\t\t\t\t<section class=\"elementor-section elementor-top-section elementor-element elementor-element-7e92ed6 elementor-section-boxed elementor-section-height-default elementor-section-height-default\" data-id=\"7e92ed6\" data-element_type=\"section\" data-settings=\"{&quot;background_background&quot;:&quot;classic&quot;,&quot;shape_divider_top&quot;:&quot;curve&quot;}\">\n\t\t\t\t\t\t\t<div class=\"elementor-background-overlay\"><\/div>\n\t\t\t\t\t\t<div class=\"elementor-shape elementor-shape-top\" aria-hidden=\"true\" data-negative=\"false\">\n\t\t\t<svg xmlns=\"http:\/\/www.w3.org\/2000\/svg\" viewBox=\"0 0 1000 100\" preserveAspectRatio=\"none\">\n    <path class=\"elementor-shape-fill\" d=\"M1000,4.3V0H0v4.3C0.9,23.1,126.7,99.2,500,100S1000,22.7,1000,4.3z\"\/>\n<\/svg>\t\t<\/div>\n\t\t\t\t\t<div class=\"elementor-container elementor-column-gap-default\">\n\t\t\t\t\t<div class=\"elementor-column elementor-col-100 elementor-top-column elementor-element elementor-element-72253c8\" data-id=\"72253c8\" data-element_type=\"column\">\n\t\t\t<div class=\"elementor-widget-wrap elementor-element-populated\">\n\t\t\t\t\t\t<div class=\"elementor-element elementor-element-108bab5 dl-align-center elementor-widget elementor-widget-industrus_dualheading\" data-id=\"108bab5\" data-element_type=\"widget\" data-settings=\"{&quot;dl_content_align&quot;:&quot;center&quot;,&quot;dl_tag&quot;:&quot;h2&quot;}\" data-widget_type=\"industrus_dualheading.default\">\n\t\t\t\t<div class=\"elementor-widget-container\">\n\t\t\t\t\t\t\t<div class=\"dual-heading-wrap\">\r\n\t\t\t\t\t\t<h2 class=\"dual-heading\">\r\n\t\t\t<span class=\"one\">Nuestros<\/span><span class=\"two\">&nbsp;Servicios<\/span>\t\t\t<\/h2>\r\n\t\t\t\t\t<\/div>\r\n\t\t\t\t\t<\/div>\n\t\t\t\t<\/div>\n\t\t\t\t<section class=\"elementor-section elementor-inner-section elementor-element elementor-element-8ae447f elementor-section-boxed elementor-section-height-default elementor-section-height-default\" data-id=\"8ae447f\" data-element_type=\"section\">\n\t\t\t\t\t\t<div class=\"elementor-container elementor-column-gap-default\">\n\t\t\t\t\t<div class=\"elementor-column elementor-col-33 elementor-inner-column elementor-element elementor-element-888ff80\" data-id=\"888ff80\" data-element_type=\"column\">\n\t\t\t<div class=\"elementor-widget-wrap elementor-element-populated\">\n\t\t\t\t\t\t<div class=\"elementor-element elementor-element-c014818 elementor-widget elementor-widget-industrus_service\" data-id=\"c014818\" data-element_type=\"widget\" data-widget_type=\"industrus_service.default\">\n\t\t\t\t<div class=\"elementor-widget-container\">\n\t\t\t\t\t            <div class=\"dl-service dl-service-style-6\" >\r\n                <div class=\"service-thumb\"><img decoding=\"async\" width=\"768\" height=\"510\" src=\"https:\/\/www.lastreindustrial.com.do\/wp-content\/uploads\/2021\/06\/Imagenes-para-lastre3-768x510.png\" class=\"attachment-medium_large size-medium_large wp-image-2079\" alt=\"\" srcset=\"https:\/\/www.lastreindustrial.com.do\/wp-content\/uploads\/2021\/06\/Imagenes-para-lastre3-768x510.png 768w, https:\/\/www.lastreindustrial.com.do\/wp-content\/uploads\/2021\/06\/Imagenes-para-lastre3-300x199.png 300w, https:\/\/www.lastreindustrial.com.do\/wp-content\/uploads\/2021\/06\/Imagenes-para-lastre3.png 1024w\" sizes=\"(max-width: 768px) 100vw, 768px\" \/><\/div>                                <div class=\"content\">\r\n                    <div class=\"service-icon \"><i class=\"pe pe-7s-tools\"><\/i><\/div><h4 class=\"service-title\"><a href=\" https:\/\/www.lastreindustrial.com.do\/?page_id=993 \"><span >Reparaci\u00f3n de motores y generadores el\u00e9ctricos<\/span><\/a><\/h4><p >Certificaci\u00f3n El\u00e9ctrica y Diel\u00e9ctrica con pruebas no destructivas.\nCertificaci\u00f3n condici\u00f3n mec\u00e1nica no invasiva.<\/p><a href=\"https:\/\/www.lastreindustrial.com.do\/?page_id=993\" class=\"readmore_btn\"><span >Ver servicios<\/span><\/a>                <\/div>\r\n            <\/div>\r\n        \t\t\t\t<\/div>\n\t\t\t\t<\/div>\n\t\t\t\t\t<\/div>\n\t\t<\/div>\n\t\t\t\t<div class=\"elementor-column elementor-col-33 elementor-inner-column elementor-element elementor-element-f335717\" data-id=\"f335717\" data-element_type=\"column\">\n\t\t\t<div class=\"elementor-widget-wrap elementor-element-populated\">\n\t\t\t\t\t\t<div class=\"elementor-element elementor-element-235671d elementor-widget elementor-widget-industrus_service\" data-id=\"235671d\" data-element_type=\"widget\" data-widget_type=\"industrus_service.default\">\n\t\t\t\t<div class=\"elementor-widget-container\">\n\t\t\t\t\t            <div class=\"dl-service dl-service-style-6\" >\r\n                <div class=\"service-thumb\"><img decoding=\"async\" width=\"768\" height=\"510\" src=\"https:\/\/www.lastreindustrial.com.do\/wp-content\/uploads\/2021\/06\/Imagenes-para-lastre2-768x510.png\" class=\"attachment-medium_large size-medium_large wp-image-2078\" alt=\"\" srcset=\"https:\/\/www.lastreindustrial.com.do\/wp-content\/uploads\/2021\/06\/Imagenes-para-lastre2-768x510.png 768w, https:\/\/www.lastreindustrial.com.do\/wp-content\/uploads\/2021\/06\/Imagenes-para-lastre2-300x199.png 300w, https:\/\/www.lastreindustrial.com.do\/wp-content\/uploads\/2021\/06\/Imagenes-para-lastre2.png 1024w\" sizes=\"(max-width: 768px) 100vw, 768px\" \/><\/div>                                <div class=\"content\">\r\n                    <div class=\"service-icon \"><i class=\"dl dl-welder-1\"><\/i><\/div><h4 class=\"service-title\"><a href=\" https:\/\/www.lastreindustrial.com.do\/?page_id=993 \"><span >Asistencia t\u00e9cnica<\/span><\/a><\/h4><p >Acompa\u00f1amos a nuestros clientes en los momentos cr\u00edticos, brindando asistencia las 24 horas del d\u00eda y suministrando soluciones a sus equipos t\u00e9cnicos, sea en sitio o en l\u00ednea.<\/p><a href=\"https:\/\/www.lastreindustrial.com.do\/?page_id=993\" class=\"readmore_btn\"><span >Ver servicios<\/span><\/a>                <\/div>\r\n            <\/div>\r\n        \t\t\t\t<\/div>\n\t\t\t\t<\/div>\n\t\t\t\t\t<\/div>\n\t\t<\/div>\n\t\t\t\t<div class=\"elementor-column elementor-col-33 elementor-inner-column elementor-element elementor-element-467d1c7\" data-id=\"467d1c7\" data-element_type=\"column\">\n\t\t\t<div class=\"elementor-widget-wrap elementor-element-populated\">\n\t\t\t\t\t\t<div class=\"elementor-element elementor-element-88db037 elementor-widget elementor-widget-industrus_service\" data-id=\"88db037\" data-element_type=\"widget\" data-widget_type=\"industrus_service.default\">\n\t\t\t\t<div class=\"elementor-widget-container\">\n\t\t\t\t\t            <div class=\"dl-service dl-service-style-6\" >\r\n                <div class=\"service-thumb\"><img loading=\"lazy\" decoding=\"async\" width=\"768\" height=\"510\" src=\"https:\/\/www.lastreindustrial.com.do\/wp-content\/uploads\/2021\/06\/Imagenes-para-lastre-768x510.png\" class=\"attachment-medium_large size-medium_large wp-image-2077\" alt=\"\" srcset=\"https:\/\/www.lastreindustrial.com.do\/wp-content\/uploads\/2021\/06\/Imagenes-para-lastre-768x510.png 768w, https:\/\/www.lastreindustrial.com.do\/wp-content\/uploads\/2021\/06\/Imagenes-para-lastre-300x199.png 300w, https:\/\/www.lastreindustrial.com.do\/wp-content\/uploads\/2021\/06\/Imagenes-para-lastre.png 1024w\" sizes=\"(max-width: 768px) 100vw, 768px\" \/><\/div>                                <div class=\"content\">\r\n                    <div class=\"service-icon \"><i class=\"dl dl-gear-3\"><\/i><\/div><h4 class=\"service-title\"><a href=\" https:\/\/www.lastreindustrial.com.do\/?page_id=993 \"><span >venta de motores<\/span><\/a><\/h4><p >Atendiendo nuestro compromiso de brindar soluciones confiables y rentables a nuestros clientes, muy pronto estar\u00e1 disponible un stock con amplia variedad de motores el\u00e9ctricos, reconstruidos con garant\u00eda y sello de calidad LASTRE INDUSTRIAL.<\/p><a href=\"https:\/\/www.lastreindustrial.com.do\/?page_id=993\" class=\"readmore_btn\"><span >Pr\u00f3ximamente<\/span><\/a>                <\/div>\r\n            <\/div>\r\n        \t\t\t\t<\/div>\n\t\t\t\t<\/div>\n\t\t\t\t\t<\/div>\n\t\t<\/div>\n\t\t\t\t\t<\/div>\n\t\t<\/section>\n\t\t\t\t\t<\/div>\n\t\t<\/div>\n\t\t\t\t\t<\/div>\n\t\t<\/section>\n\t\t\t\t<section class=\"elementor-section elementor-top-section elementor-element elementor-element-5a7dbac0 elementor-section-boxed elementor-section-height-default elementor-section-height-default\" data-id=\"5a7dbac0\" data-element_type=\"section\" data-settings=\"{&quot;background_background&quot;:&quot;classic&quot;,&quot;shape_divider_bottom&quot;:&quot;curve-asymmetrical&quot;}\">\n\t\t\t\t\t<div class=\"elementor-shape elementor-shape-bottom\" aria-hidden=\"true\" data-negative=\"false\">\n\t\t\t<svg xmlns=\"http:\/\/www.w3.org\/2000\/svg\" viewBox=\"0 0 1000 100\" preserveAspectRatio=\"none\">\n\t<path class=\"elementor-shape-fill\" d=\"M0,0c0,0,0,6,0,6.7c0,18,240.2,93.6,615.2,92.6C989.8,98.5,1000,25,1000,6.7c0-0.7,0-6.7,0-6.7H0z\"\/>\n<\/svg>\t\t<\/div>\n\t\t\t\t\t<div class=\"elementor-container elementor-column-gap-default\">\n\t\t\t\t\t<div class=\"elementor-column elementor-col-100 elementor-top-column elementor-element elementor-element-e7c1e1f\" data-id=\"e7c1e1f\" data-element_type=\"column\">\n\t\t\t<div class=\"elementor-widget-wrap elementor-element-populated\">\n\t\t\t\t\t\t<div class=\"elementor-element elementor-element-441f7e9a elementor-widget elementor-widget-heading\" data-id=\"441f7e9a\" data-element_type=\"widget\" data-widget_type=\"heading.default\">\n\t\t\t\t<div class=\"elementor-widget-container\">\n\t\t\t\t\t<h2 class=\"elementor-heading-title elementor-size-default\">Nuestros clientes<\/h2>\t\t\t\t<\/div>\n\t\t\t\t<\/div>\n\t\t\t\t<div class=\"elementor-element elementor-element-af708f4 elementor-arrows-position-inside elementor-pagination-position-outside elementor-widget elementor-widget-image-carousel\" data-id=\"af708f4\" data-element_type=\"widget\" data-settings=\"{&quot;navigation&quot;:&quot;both&quot;,&quot;autoplay&quot;:&quot;yes&quot;,&quot;pause_on_hover&quot;:&quot;yes&quot;,&quot;pause_on_interaction&quot;:&quot;yes&quot;,&quot;autoplay_speed&quot;:5000,&quot;infinite&quot;:&quot;yes&quot;,&quot;speed&quot;:500}\" data-widget_type=\"image-carousel.default\">\n\t\t\t\t<div class=\"elementor-widget-container\">\n\t\t\t\t\t\t\t<div class=\"elementor-image-carousel-wrapper swiper\" role=\"region\" aria-roledescription=\"carousel\" aria-label=\"Carrusel de im\u00e1genes\" dir=\"ltr\">\n\t\t\t<div class=\"elementor-image-carousel swiper-wrapper\" aria-live=\"off\">\n\t\t\t\t\t\t\t\t<div class=\"swiper-slide\" role=\"group\" aria-roledescription=\"slide\" aria-label=\"1 de 5\"><figure class=\"swiper-slide-inner\"><img decoding=\"async\" class=\"swiper-slide-image\" src=\"https:\/\/www.lastreindustrial.com.do\/wp-content\/uploads\/2021\/06\/barrick-w-150x150.png\" alt=\"barrick-w\" \/><\/figure><\/div><div class=\"swiper-slide\" role=\"group\" aria-roledescription=\"slide\" aria-label=\"2 de 5\"><figure class=\"swiper-slide-inner\"><img decoding=\"async\" class=\"swiper-slide-image\" src=\"https:\/\/www.lastreindustrial.com.do\/wp-content\/uploads\/2021\/06\/laesa-w-150x150.png\" alt=\"laesa-w\" \/><\/figure><\/div><div class=\"swiper-slide\" role=\"group\" aria-roledescription=\"slide\" aria-label=\"3 de 5\"><figure class=\"swiper-slide-inner\"><img decoding=\"async\" class=\"swiper-slide-image\" src=\"https:\/\/www.lastreindustrial.com.do\/wp-content\/uploads\/2021\/06\/panam-w-150x150.png\" alt=\"panam-w\" \/><\/figure><\/div><div class=\"swiper-slide\" role=\"group\" aria-roledescription=\"slide\" aria-label=\"4 de 5\"><figure class=\"swiper-slide-inner\"><img decoding=\"async\" class=\"swiper-slide-image\" src=\"https:\/\/www.lastreindustrial.com.do\/wp-content\/uploads\/2021\/06\/cap-w-150x150.png\" alt=\"cap-w\" \/><\/figure><\/div><div class=\"swiper-slide\" role=\"group\" aria-roledescription=\"slide\" aria-label=\"5 de 5\"><figure class=\"swiper-slide-inner\"><img decoding=\"async\" class=\"swiper-slide-image\" src=\"https:\/\/www.lastreindustrial.com.do\/wp-content\/uploads\/2021\/06\/mci-w-150x150.png\" alt=\"mci-w\" \/><\/figure><\/div>\t\t\t<\/div>\n\t\t\t\t\t\t\t\t\t\t\t\t<div class=\"elementor-swiper-button elementor-swiper-button-prev\" role=\"button\" tabindex=\"0\">\n\t\t\t\t\t\t<i aria-hidden=\"true\" class=\"eicon-chevron-left\"><\/i>\t\t\t\t\t<\/div>\n\t\t\t\t\t<div class=\"elementor-swiper-button elementor-swiper-button-next\" role=\"button\" tabindex=\"0\">\n\t\t\t\t\t\t<i aria-hidden=\"true\" class=\"eicon-chevron-right\"><\/i>\t\t\t\t\t<\/div>\n\t\t\t\t\n\t\t\t\t\t\t\t\t\t<div class=\"swiper-pagination\"><\/div>\n\t\t\t\t\t\t\t\t\t<\/div>\n\t\t\t\t\t\t<\/div>\n\t\t\t\t<\/div>\n\t\t\t\t\t<\/div>\n\t\t<\/div>\n\t\t\t\t\t<\/div>\n\t\t<\/section>\n\t\t\t\t<\/div>\n\t\t","protected":false},"excerpt":{"rendered":"<p>Atendemos sus emergencias con seriedad y prontitud.Contactar M\u00e1s de 30 a\u00f1os en el \u00e1rea electromec\u00e1nicaEmpresa somos: Honestidad, Responsabilidad, Disciplina y calidad a tiempo Lastre Industrial SRL es una empresa con sus or\u00edgenes en diversas \u00e1reas de la industria, tales como generaci\u00f3n, metalurgia, miner\u00eda, agregados entre otros. La misma contiene en su direcci\u00f3n t\u00e9cnica un personal<\/p>\n","protected":false},"author":1,"featured_media":0,"parent":0,"menu_order":0,"comment_status":"closed","ping_status":"closed","template":"empty-template.php","meta":{"_acf_changed":false,"footnotes":""},"class_list":["post-52","page","type-page","status-publish","hentry"],"acf":[],"_links":{"self":[{"href":"https:\/\/www.lastreindustrial.com.do\/index.php?rest_route=\/wp\/v2\/pages\/52","targetHints":{"allow":["GET"]}}],"collection":[{"href":"https:\/\/www.lastreindustrial.com.do\/index.php?rest_route=\/wp\/v2\/pages"}],"about":[{"href":"https:\/\/www.lastreindustrial.com.do\/index.php?rest_route=\/wp\/v2\/types\/page"}],"author":[{"embeddable":true,"href":"https:\/\/www.lastreindustrial.com.do\/index.php?rest_route=\/wp\/v2\/users\/1"}],"replies":[{"embeddable":true,"href":"https:\/\/www.lastreindustrial.com.do\/index.php?rest_route=%2Fwp%2Fv2%2Fcomments&post=52"}],"version-history":[{"count":420,"href":"https:\/\/www.lastreindustrial.com.do\/index.php?rest_route=\/wp\/v2\/pages\/52\/revisions"}],"predecessor-version":[{"id":3221,"href":"https:\/\/www.lastreindustrial.com.do\/index.php?rest_route=\/wp\/v2\/pages\/52\/revisions\/3221"}],"wp:attachment":[{"href":"https:\/\/www.lastreindustrial.com.do\/index.php?rest_route=%2Fwp%2Fv2%2Fmedia&parent=52"}],"curies":[{"name":"wp","href":"https:\/\/api.w.org\/{rel}","templated":true}]}}